{"id":4013,"date":"2026-01-06T14:29:57","date_gmt":"2026-01-06T14:29:57","guid":{"rendered":"https:\/\/fortil.group\/?page_id=4013"},"modified":"2026-01-08T14:14:33","modified_gmt":"2026-01-08T14:14:33","slug":"mentions-legales","status":"publish","type":"page","link":"https:\/\/fortil.group\/fr\/mentions-legales\/","title":{"rendered":"Mentions l\u00e9gales"},"content":{"rendered":"<div data-elementor-type=\"wp-page\" data-elementor-id=\"4013\" class=\"elementor elementor-4013\" data-elementor-post-type=\"page\">\n\t\t\t\t<div class=\"elementor-element elementor-element-f46467a e-con-full e-flex e-con e-parent\" data-id=\"f46467a\" data-element_type=\"container\">\n\t\t<div class=\"elementor-element elementor-element-5d00ea6 e-con-full e-flex e-con e-child\" data-id=\"5d00ea6\" data-element_type=\"container\">\n\t\t\t\t<div class=\"elementor-element elementor-element-00008b5 text-linear-gradient elementor-widget__width-initial elementor-widget elementor-widget-heading\" data-id=\"00008b5\" data-element_type=\"widget\" data-widget_type=\"heading.default\">\n\t\t\t\t<div class=\"elementor-widget-container\">\n\t\t\t\t\t<h2 class=\"elementor-heading-title elementor-size-default\">Mentions l\u00e9gales<\/h2>\t\t\t\t<\/div>\n\t\t\t\t<\/div>\n\t\t\t\t<div class=\"elementor-element elementor-element-e5feb9d elementor-widget elementor-widget-text-editor\" data-id=\"e5feb9d\" data-element_type=\"widget\" data-widget_type=\"text-editor.default\">\n\t\t\t\t<div class=\"elementor-widget-container\">\n\t\t\t\t\t\t\t\t\t<h5 class=\"text-linear-gradient wp-block-heading\"><strong>Propri\u00e9taire et Editeur du Site<\/strong><\/h5>\t\t\t\t\t\t\t\t<\/div>\n\t\t\t\t<\/div>\n\t\t\t\t<div class=\"elementor-element elementor-element-9878df8 elementor-widget elementor-widget-text-editor\" data-id=\"9878df8\" data-element_type=\"widget\" data-widget_type=\"text-editor.default\">\n\t\t\t\t<div class=\"elementor-widget-container\">\n\t\t\t\t\t\t\t\t\t<p data-start=\"87\" data-end=\"224\">Le site internet fortil Group est \u00e9dit\u00e9 par FORTIL GROUP SAS \u2013 SIREN 800 733 750 \u2013 8 All\u00e9e de Vilnius 83500 La Seyne-sur-Mer<\/p><p data-start=\"87\" data-end=\"224\">Num\u00e9ro de TVA intracommunautaire : FR45800733750<\/p><p data-start=\"87\" data-end=\"224\">Responsable de la publication : Jos\u00e9phine Bardin<\/p><p data-start=\"87\" data-end=\"224\">Adresse email : communication@fortil.group<\/p>\t\t\t\t\t\t\t\t<\/div>\n\t\t\t\t<\/div>\n\t\t\t\t<div class=\"elementor-element elementor-element-48cd50a elementor-widget elementor-widget-text-editor\" data-id=\"48cd50a\" data-element_type=\"widget\" data-widget_type=\"text-editor.default\">\n\t\t\t\t<div class=\"elementor-widget-container\">\n\t\t\t\t\t\t\t\t\t<h5 class=\"text-linear-gradient wp-block-heading\"><strong>Objet du site www.fortil.group<\/strong><\/h5>\t\t\t\t\t\t\t\t<\/div>\n\t\t\t\t<\/div>\n\t\t\t\t<div class=\"elementor-element elementor-element-698c4fe elementor-widget elementor-widget-text-editor\" data-id=\"698c4fe\" data-element_type=\"widget\" data-widget_type=\"text-editor.default\">\n\t\t\t\t<div class=\"elementor-widget-container\">\n\t\t\t\t\t\t\t\t\t<p data-start=\"87\" data-end=\"224\">Le site www.fortil.group pr\u00e9sente, \u00e0 titre strictement informatif, les services et activit\u00e9s du groupe d\u2019ing\u00e9nierie et de conseil ainsi que du groupe auquel il appartient.<\/p>\t\t\t\t\t\t\t\t<\/div>\n\t\t\t\t<\/div>\n\t\t\t\t<div class=\"elementor-element elementor-element-d5560c8 elementor-widget elementor-widget-text-editor\" data-id=\"d5560c8\" data-element_type=\"widget\" data-widget_type=\"text-editor.default\">\n\t\t\t\t<div class=\"elementor-widget-container\">\n\t\t\t\t\t\t\t\t\t<h5 class=\"text-linear-gradient wp-block-heading\"><strong>H\u00e9bergement du site fortil Group<\/strong><\/h5>\t\t\t\t\t\t\t\t<\/div>\n\t\t\t\t<\/div>\n\t\t\t\t<div class=\"elementor-element elementor-element-5aeeb53 elementor-widget elementor-widget-text-editor\" data-id=\"5aeeb53\" data-element_type=\"widget\" data-widget_type=\"text-editor.default\">\n\t\t\t\t<div class=\"elementor-widget-container\">\n\t\t\t\t\t\t\t\t\t<p data-start=\"87\" data-end=\"224\">OVH <br \/>2 rue Kellermann, 59100 Roubaix, France<br \/>SIREN: 424761419<\/p>\t\t\t\t\t\t\t\t<\/div>\n\t\t\t\t<\/div>\n\t\t\t\t<div class=\"elementor-element elementor-element-98375ec elementor-widget elementor-widget-text-editor\" data-id=\"98375ec\" data-element_type=\"widget\" data-widget_type=\"text-editor.default\">\n\t\t\t\t<div class=\"elementor-widget-container\">\n\t\t\t\t\t\t\t\t\t<h5 class=\"text-linear-gradient wp-block-heading\"><strong>Donn\u00e9es personnelles<\/strong><\/h5>\t\t\t\t\t\t\t\t<\/div>\n\t\t\t\t<\/div>\n\t\t\t\t<div class=\"elementor-element elementor-element-8bef4c9 elementor-widget elementor-widget-text-editor\" data-id=\"8bef4c9\" data-element_type=\"widget\" data-widget_type=\"text-editor.default\">\n\t\t\t\t<div class=\"elementor-widget-container\">\n\t\t\t\t\t\t\t\t\t<p data-start=\"87\" data-end=\"224\">Le Groupe respecte vos pr\u00e9occupations relatives \u00e0 la confidentialit\u00e9 des informations et des donn\u00e9es personnelles que vous fournissez. Nous vous invitons \u00e0 consulter la rubrique \u00ab Donn\u00e9es personnelles \u00bb, qui d\u00e9taille la politique de protection des donn\u00e9es mise en \u0153uvre par fortil Group.<\/p>\t\t\t\t\t\t\t\t<\/div>\n\t\t\t\t<\/div>\n\t\t\t\t<div class=\"elementor-element elementor-element-5279529 elementor-widget elementor-widget-text-editor\" data-id=\"5279529\" data-element_type=\"widget\" data-widget_type=\"text-editor.default\">\n\t\t\t\t<div class=\"elementor-widget-container\">\n\t\t\t\t\t\t\t\t\t<h5 class=\"text-linear-gradient wp-block-heading\"><strong>Conditions d\u2019utilisation du site<\/strong><\/h5>\t\t\t\t\t\t\t\t<\/div>\n\t\t\t\t<\/div>\n\t\t\t\t<div class=\"elementor-element elementor-element-c34e37c elementor-widget elementor-widget-text-editor\" data-id=\"c34e37c\" data-element_type=\"widget\" data-widget_type=\"text-editor.default\">\n\t\t\t\t<div class=\"elementor-widget-container\">\n\t\t\t\t\t\t\t\t\t<p data-start=\"92\" data-end=\"336\">L\u2019utilisation du site implique l\u2019acceptation pleine et enti\u00e8re des conditions g\u00e9n\u00e9rales d\u2019utilisation d\u00e9crites ci-apr\u00e8s. Ces conditions d\u2019utilisation peuvent \u00eatre modifi\u00e9es ou compl\u00e9t\u00e9es \u00e0 tout moment ; les utilisateurs du site sont donc invit\u00e9s \u00e0 les consulter r\u00e9guli\u00e8rement.<\/p><p data-start=\"338\" data-end=\"812\">Le site est normalement accessible \u00e0 tout moment aux utilisateurs. Toutefois, des interruptions pour des raisons de maintenance technique peuvent \u00eatre d\u00e9cid\u00e9es par fortil Group, qui s\u2019efforcera alors de communiquer pr\u00e9alablement aux utilisateurs les dates et heures de l\u2019intervention. Le site est r\u00e9guli\u00e8rement mis \u00e0 jour par fortil Group. De la m\u00eame mani\u00e8re, les mentions l\u00e9gales peuvent \u00eatre modifi\u00e9es \u00e0 tout moment ; elles s\u2019imposent n\u00e9anmoins \u00e0 l\u2019utilisateur, qui est invit\u00e9 \u00e0 s\u2019y r\u00e9f\u00e9rer le plus souvent possible afin d\u2019en prendre connaissance.<\/p>\t\t\t\t\t\t\t\t<\/div>\n\t\t\t\t<\/div>\n\t\t\t\t<div class=\"elementor-element elementor-element-e78caa9 elementor-widget elementor-widget-text-editor\" data-id=\"e78caa9\" data-element_type=\"widget\" data-widget_type=\"text-editor.default\">\n\t\t\t\t<div class=\"elementor-widget-container\">\n\t\t\t\t\t\t\t\t\t<h5 class=\"text-linear-gradient wp-block-heading\"><strong>Propri\u00e9t\u00e9 intellectuelle<\/strong><\/h5>\t\t\t\t\t\t\t\t<\/div>\n\t\t\t\t<\/div>\n\t\t\t\t<div class=\"elementor-element elementor-element-8ba4296 elementor-widget elementor-widget-text-editor\" data-id=\"8ba4296\" data-element_type=\"widget\" data-widget_type=\"text-editor.default\">\n\t\t\t\t<div class=\"elementor-widget-container\">\n\t\t\t\t\t\t\t\t\t<p data-start=\"87\" data-end=\"224\">fortil Group est propri\u00e9taire de la structure g\u00e9n\u00e9rale du site ainsi que de son nom de domaine.<\/p><p data-start=\"87\" data-end=\"224\">Toutes les informations indiqu\u00e9es sur le site sont donn\u00e9es \u00e0 titre indicatif et sont susceptibles d\u2019\u00e9voluer. Par ailleurs, les informations figurant sur le site ne sont pas exhaustives et sont fournies sous r\u00e9serve de modifications intervenues depuis leur mise en ligne.<\/p>\t\t\t\t\t\t\t\t<\/div>\n\t\t\t\t<\/div>\n\t\t\t\t<div class=\"elementor-element elementor-element-5a55c23 elementor-widget elementor-widget-text-editor\" data-id=\"5a55c23\" data-element_type=\"widget\" data-widget_type=\"text-editor.default\">\n\t\t\t\t<div class=\"elementor-widget-container\">\n\t\t\t\t\t\t\t\t\t<h5 class=\"text-linear-gradient wp-block-heading\"><strong>Conditions G\u00e9n\u00e9rales d'Utilisation<\/strong><\/h5>\t\t\t\t\t\t\t\t<\/div>\n\t\t\t\t<\/div>\n\t\t\t\t<div class=\"elementor-element elementor-element-9b08625 elementor-widget elementor-widget-text-editor\" data-id=\"9b08625\" data-element_type=\"widget\" data-widget_type=\"text-editor.default\">\n\t\t\t\t<div class=\"elementor-widget-container\">\n\t\t\t\t\t\t\t\t\t<p data-start=\"87\" data-end=\"224\">fortil Group ne saurait \u00eatre tenu responsable en cas d\u2019interruption de l\u2019acc\u00e8s au site li\u00e9e \u00e0 des op\u00e9rations de maintenance, des mises \u00e0 jour, des am\u00e9liorations techniques, ou \u00e0 toute modification de son contenu et\/ou de sa pr\u00e9sentation.<\/p><p data-start=\"63\" data-end=\"547\">L\u2019objectif est de fournir un service assurant le meilleur taux d\u2019accessibilit\u00e9 possible. L\u2019h\u00e9bergeur assure la continuit\u00e9 de son service vingt-quatre (24) heures sur vingt-quatre, sept (7) jours sur sept, tout au long de l\u2019ann\u00e9e. Il se r\u00e9serve toutefois la possibilit\u00e9 d\u2019interrompre le service d\u2019h\u00e9bergement pour les dur\u00e9es les plus courtes possibles, notamment \u00e0 des fins de maintenance, d\u2019am\u00e9lioration de ses infrastructures, en cas de d\u00e9faillance de celles-ci, ou si les Services g\u00e9n\u00e8rent un trafic r\u00e9put\u00e9 anormal.<\/p><p data-start=\"549\" data-end=\"809\">fortil Group et l\u2019h\u00e9bergeur ne pourront \u00eatre tenus responsables en cas de dysfonctionnement du r\u00e9seau Internet, des lignes t\u00e9l\u00e9phoniques ou du mat\u00e9riel informatique et de t\u00e9l\u00e9communications, notamment en cas d\u2019encombrement du r\u00e9seau emp\u00eachant l\u2019acc\u00e8s au serveur.<\/p>\t\t\t\t\t\t\t\t<\/div>\n\t\t\t\t<\/div>\n\t\t\t\t<div class=\"elementor-element elementor-element-0ac28c2 elementor-widget elementor-widget-text-editor\" data-id=\"0ac28c2\" data-element_type=\"widget\" data-widget_type=\"text-editor.default\">\n\t\t\t\t<div class=\"elementor-widget-container\">\n\t\t\t\t\t\t\t\t\t<h5 class=\"text-linear-gradient wp-block-heading\"><strong>Propri\u00e9t\u00e9 intellectuelle et contrefa\u00e7on<\/strong><\/h5>\t\t\t\t\t\t\t\t<\/div>\n\t\t\t\t<\/div>\n\t\t\t\t<div class=\"elementor-element elementor-element-1f1c435 elementor-widget elementor-widget-text-editor\" data-id=\"1f1c435\" data-element_type=\"widget\" data-widget_type=\"text-editor.default\">\n\t\t\t\t<div class=\"elementor-widget-container\">\n\t\t\t\t\t\t\t\t\t<p data-start=\"107\" data-end=\"528\">fortil Group est titulaire des droits de propri\u00e9t\u00e9 intellectuelle et d\u00e9tient les droits d\u2019usage sur l\u2019ensemble des \u00e9l\u00e9ments accessibles sur le site, notamment les textes, images, graphismes, logos, vid\u00e9os, ic\u00f4nes et sons. Toute reproduction, repr\u00e9sentation, modification, publication ou adaptation de tout ou partie des \u00e9l\u00e9ments du site, quel que soit le moyen ou le proc\u00e9d\u00e9 utilis\u00e9, est interdite sans autorisation \u00e9crite pr\u00e9alable.<\/p><p data-start=\"530\" data-end=\"774\">Toute exploitation non autoris\u00e9e du site ou de l\u2019un quelconque des \u00e9l\u00e9ments qu\u2019il contient sera consid\u00e9r\u00e9e comme constitutive d\u2019une contrefa\u00e7on et poursuivie conform\u00e9ment aux dispositions des articles L.335-2 et suivants du Code de la propri\u00e9t\u00e9 intellectuelle.<\/p>\t\t\t\t\t\t\t\t<\/div>\n\t\t\t\t<\/div>\n\t\t\t\t<\/div>\n\t\t\t\t<\/div>\n\t\t\t\t<\/div>","protected":false},"excerpt":{"rendered":"<p>Legal notice Website Owner and Publisher fortil Group website is published by FORTIL GROUP SAS &#8211; SIREN 800 733 750 &#8211; 8 All\u00e9e de Vilnius 83500 La Seyne-sur-Mer VAT number: FR45800733750 Publication manager: Jos\u00e9phine Bardin Email address: communication@fortil.group Purpose of the www.fortil.group website The site www.fortil.group presents, for strictly informational purposes, the services and activities [&hellip;]<\/p>\n","protected":false},"author":2,"featured_media":0,"parent":0,"menu_order":0,"comment_status":"closed","ping_status":"closed","template":"","meta":{"footnotes":""},"class_list":["post-4013","page","type-page","status-publish","hentry"],"yoast_head":"<!-- This site is optimized with the Yoast SEO plugin v27.3 - https:\/\/yoast.com\/product\/yoast-seo-wordpress\/ -->\n<title>Legal notice - fortil Group<\/title>\n<meta name=\"robots\" content=\"noindex, nofollow\" \/>\n<meta property=\"og:locale\" content=\"fr_FR\" \/>\n<meta property=\"og:type\" content=\"article\" \/>\n<meta property=\"og:title\" content=\"Legal notice - fortil Group\" \/>\n<meta property=\"og:description\" content=\"Legal notice Website Owner and Publisher fortil Group website is published by FORTIL GROUP SAS &#8211; SIREN 800 733 750 &#8211; 8 All\u00e9e de Vilnius 83500 La Seyne-sur-Mer VAT number: FR45800733750 Publication manager: Jos\u00e9phine Bardin Email address: communication@fortil.group Purpose of the www.fortil.group website The site www.fortil.group presents, for strictly informational purposes, the services and activities [&hellip;]\" \/>\n<meta property=\"og:url\" content=\"https:\/\/fortil.group\/fr\/mentions-legales\/\" \/>\n<meta property=\"og:site_name\" content=\"fortil Group\" \/>\n<meta property=\"article:modified_time\" content=\"2026-01-08T14:14:33+00:00\" \/>\n<meta property=\"og:image\" content=\"https:\/\/fortil.group\/wp-content\/uploads\/2025\/05\/Logo-Picto_Degrade.png\" \/>\n\t<meta property=\"og:image:width\" content=\"1064\" \/>\n\t<meta property=\"og:image:height\" content=\"1064\" \/>\n\t<meta property=\"og:image:type\" content=\"image\/png\" \/>\n<meta name=\"twitter:card\" content=\"summary_large_image\" \/>\n<meta name=\"twitter:label1\" content=\"Dur\u00e9e de lecture estim\u00e9e\" \/>\n\t<meta name=\"twitter:data1\" content=\"3 minutes\" \/>\n<script type=\"application\/ld+json\" class=\"yoast-schema-graph\">{\"@context\":\"https:\\\/\\\/schema.org\",\"@graph\":[{\"@type\":\"WebPage\",\"@id\":\"https:\\\/\\\/fortil.group\\\/legal-notice\\\/\",\"url\":\"https:\\\/\\\/fortil.group\\\/legal-notice\\\/\",\"name\":\"Legal notice - fortil Group\",\"isPartOf\":{\"@id\":\"https:\\\/\\\/fortil.group\\\/#website\"},\"datePublished\":\"2026-01-06T14:29:57+00:00\",\"dateModified\":\"2026-01-08T14:14:33+00:00\",\"breadcrumb\":{\"@id\":\"https:\\\/\\\/fortil.group\\\/legal-notice\\\/#breadcrumb\"},\"inLanguage\":\"fr-FR\",\"potentialAction\":[{\"@type\":\"ReadAction\",\"target\":[\"https:\\\/\\\/fortil.group\\\/legal-notice\\\/\"]}]},{\"@type\":\"BreadcrumbList\",\"@id\":\"https:\\\/\\\/fortil.group\\\/legal-notice\\\/#breadcrumb\",\"itemListElement\":[{\"@type\":\"ListItem\",\"position\":1,\"name\":\"Home\",\"item\":\"https:\\\/\\\/fortil.group\\\/\"},{\"@type\":\"ListItem\",\"position\":2,\"name\":\"Legal notice\"}]},{\"@type\":\"WebSite\",\"@id\":\"https:\\\/\\\/fortil.group\\\/#website\",\"url\":\"https:\\\/\\\/fortil.group\\\/\",\"name\":\"Fortil Group\",\"description\":\"fortil Group - Committed to sustainable performance\",\"publisher\":{\"@id\":\"https:\\\/\\\/fortil.group\\\/#organization\"},\"alternateName\":\"Fortil Group\",\"potentialAction\":[{\"@type\":\"SearchAction\",\"target\":{\"@type\":\"EntryPoint\",\"urlTemplate\":\"https:\\\/\\\/fortil.group\\\/?s={search_term_string}\"},\"query-input\":{\"@type\":\"PropertyValueSpecification\",\"valueRequired\":true,\"valueName\":\"search_term_string\"}}],\"inLanguage\":\"fr-FR\"},{\"@type\":\"Organization\",\"@id\":\"https:\\\/\\\/fortil.group\\\/#organization\",\"name\":\"Fortil Group\",\"url\":\"https:\\\/\\\/fortil.group\\\/\",\"logo\":{\"@type\":\"ImageObject\",\"inLanguage\":\"fr-FR\",\"@id\":\"https:\\\/\\\/fortil.group\\\/#\\\/schema\\\/logo\\\/image\\\/\",\"url\":\"https:\\\/\\\/fortil.group\\\/wp-content\\\/uploads\\\/2025\\\/05\\\/cropped-Logo-Picto_Degrade.png\",\"contentUrl\":\"https:\\\/\\\/fortil.group\\\/wp-content\\\/uploads\\\/2025\\\/05\\\/cropped-Logo-Picto_Degrade.png\",\"width\":512,\"height\":512,\"caption\":\"Fortil Group\"},\"image\":{\"@id\":\"https:\\\/\\\/fortil.group\\\/#\\\/schema\\\/logo\\\/image\\\/\"}}]}<\/script>\n<!-- \/ Yoast SEO plugin. -->","yoast_head_json":{"title":"Mentions legales - fortil Group","robots":{"index":"noindex","follow":"nofollow"},"og_locale":"fr_FR","og_type":"article","og_title":"Legal notice - fortil Group","og_description":"Legal notice Website Owner and Publisher fortil Group website is published by FORTIL GROUP SAS &#8211; SIREN 800 733 750 &#8211; 8 All\u00e9e de Vilnius 83500 La Seyne-sur-Mer VAT number: FR45800733750 Publication manager: Jos\u00e9phine Bardin Email address: communication@fortil.group Purpose of the www.fortil.group website The site www.fortil.group presents, for strictly informational purposes, the services and activities [&hellip;]","og_url":"https:\/\/fortil.group\/fr\/mentions-legales\/","og_site_name":"fortil Group","article_modified_time":"2026-01-08T14:14:33+00:00","og_image":[{"width":1064,"height":1064,"url":"https:\/\/fortil.group\/wp-content\/uploads\/2025\/05\/Logo-Picto_Degrade.png","type":"image\/png"}],"twitter_card":"summary_large_image","twitter_misc":{"Dur\u00e9e de lecture estim\u00e9e":"3 minutes"},"schema":{"@context":"https:\/\/schema.org","@graph":[{"@type":"WebPage","@id":"https:\/\/fortil.group\/legal-notice\/","url":"https:\/\/fortil.group\/legal-notice\/","name":"Mentions legales - fortil Group","isPartOf":{"@id":"https:\/\/fortil.group\/#website"},"datePublished":"2026-01-06T14:29:57+00:00","dateModified":"2026-01-08T14:14:33+00:00","breadcrumb":{"@id":"https:\/\/fortil.group\/legal-notice\/#breadcrumb"},"inLanguage":"fr-FR","potentialAction":[{"@type":"ReadAction","target":["https:\/\/fortil.group\/legal-notice\/"]}]},{"@type":"BreadcrumbList","@id":"https:\/\/fortil.group\/legal-notice\/#breadcrumb","itemListElement":[{"@type":"ListItem","position":1,"name":"Home","item":"https:\/\/fortil.group\/"},{"@type":"ListItem","position":2,"name":"Legal notice"}]},{"@type":"WebSite","@id":"https:\/\/fortil.group\/#website","url":"https:\/\/fortil.group\/","name":"Fortil Group","description":"fortil Group - Committed to sustainable performance","publisher":{"@id":"https:\/\/fortil.group\/#organization"},"alternateName":"Fortil Group","potentialAction":[{"@type":"SearchAction","target":{"@type":"EntryPoint","urlTemplate":"https:\/\/fortil.group\/?s={search_term_string}"},"query-input":{"@type":"PropertyValueSpecification","valueRequired":true,"valueName":"search_term_string"}}],"inLanguage":"fr-FR"},{"@type":"Organization","@id":"https:\/\/fortil.group\/#organization","name":"Fortil Group","url":"https:\/\/fortil.group\/","logo":{"@type":"ImageObject","inLanguage":"fr-FR","@id":"https:\/\/fortil.group\/#\/schema\/logo\/image\/","url":"https:\/\/fortil.group\/wp-content\/uploads\/2025\/05\/cropped-Logo-Picto_Degrade.png","contentUrl":"https:\/\/fortil.group\/wp-content\/uploads\/2025\/05\/cropped-Logo-Picto_Degrade.png","width":512,"height":512,"caption":"Fortil Group"},"image":{"@id":"https:\/\/fortil.group\/#\/schema\/logo\/image\/"}}]}},"_links":{"self":[{"href":"https:\/\/fortil.group\/fr\/wp-json\/wp\/v2\/pages\/4013","targetHints":{"allow":["GET"]}}],"collection":[{"href":"https:\/\/fortil.group\/fr\/wp-json\/wp\/v2\/pages"}],"about":[{"href":"https:\/\/fortil.group\/fr\/wp-json\/wp\/v2\/types\/page"}],"author":[{"embeddable":true,"href":"https:\/\/fortil.group\/fr\/wp-json\/wp\/v2\/users\/2"}],"replies":[{"embeddable":true,"href":"https:\/\/fortil.group\/fr\/wp-json\/wp\/v2\/comments?post=4013"}],"version-history":[{"count":31,"href":"https:\/\/fortil.group\/fr\/wp-json\/wp\/v2\/pages\/4013\/revisions"}],"predecessor-version":[{"id":4054,"href":"https:\/\/fortil.group\/fr\/wp-json\/wp\/v2\/pages\/4013\/revisions\/4054"}],"wp:attachment":[{"href":"https:\/\/fortil.group\/fr\/wp-json\/wp\/v2\/media?parent=4013"}],"curies":[{"name":"wp","href":"https:\/\/api.w.org\/{rel}","templated":true}]}}